{"id":8,"date":"2022-02-14T18:27:36","date_gmt":"2022-02-14T17:27:36","guid":{"rendered":"http:\/\/gbarbesemba.fr\/?page_id=8"},"modified":"2024-11-10T17:54:05","modified_gmt":"2024-11-10T16:54:05","slug":"accueil","status":"publish","type":"page","link":"https:\/\/gbarbesemba.fr\/","title":{"rendered":"Bonjour !"},"content":{"rendered":"\n<p>Bienvenue sur mon Book Professionnel. <\/p>\n\n\n\n<p>Vingt deux ann\u00e9es de carri\u00e8re en biblioth\u00e8que, vingt deux ann\u00e9es de bonheur !<\/p>\n\n\n\n<p>En parcourant les diff\u00e9rentes rubriques, vous en apprendrez un peu plus sur moi et sur quelques-unes des actions culturelles que j&rsquo;ai eu l&rsquo;occasion de cr\u00e9er en exer\u00e7ant mon m\u00e9tier.<\/p>\n\n\n\n<p>Je vous remercie pour l&rsquo;int\u00e9r\u00eat port\u00e9 \u00e0 mon profil. <\/p>\n","protected":false},"excerpt":{"rendered":"<p>Bienvenue sur mon Book Professionnel. Vingt deux ann\u00e9es de carri\u00e8re en biblioth\u00e8que, vingt deux ann\u00e9es de bonheur ! En parcourant les diff\u00e9rentes rubriques, vous en apprendrez un peu plus sur moi et sur quelques-unes des actions culturelles que j&rsquo;ai eu l&rsquo;occasion de cr\u00e9er en exer\u00e7ant mon m\u00e9tier. Je vous remercie pour l&rsquo;int\u00e9r\u00eat port\u00e9 \u00e0 mon [&hellip;]<\/p>\n","protected":false},"author":2,"featured_media":0,"parent":0,"menu_order":0,"comment_status":"closed","ping_status":"closed","template":"page-templates\/portfolio-page.php","meta":{"footnotes":""},"class_list":["post-8","page","type-page","status-publish","hentry"],"jetpack_sharing_enabled":true,"_links":{"self":[{"href":"https:\/\/gbarbesemba.fr\/index.php\/wp-json\/wp\/v2\/pages\/8","targetHints":{"allow":["GET"]}}],"collection":[{"href":"https:\/\/gbarbesemba.fr\/index.php\/wp-json\/wp\/v2\/pages"}],"about":[{"href":"https:\/\/gbarbesemba.fr\/index.php\/wp-json\/wp\/v2\/types\/page"}],"author":[{"embeddable":true,"href":"https:\/\/gbarbesemba.fr\/index.php\/wp-json\/wp\/v2\/users\/2"}],"replies":[{"embeddable":true,"href":"https:\/\/gbarbesemba.fr\/index.php\/wp-json\/wp\/v2\/comments?post=8"}],"version-history":[{"count":7,"href":"https:\/\/gbarbesemba.fr\/index.php\/wp-json\/wp\/v2\/pages\/8\/revisions"}],"predecessor-version":[{"id":319,"href":"https:\/\/gbarbesemba.fr\/index.php\/wp-json\/wp\/v2\/pages\/8\/revisions\/319"}],"wp:attachment":[{"href":"https:\/\/gbarbesemba.fr\/index.php\/wp-json\/wp\/v2\/media?parent=8"}],"curies":[{"name":"wp","href":"https:\/\/api.w.org\/{rel}","templated":true}]}}