{"id":11,"date":"2022-02-14T17:44:13","date_gmt":"2022-02-14T16:44:13","guid":{"rendered":"http:\/\/gbarbesemba.fr\/?page_id=11"},"modified":"2024-11-10T18:13:42","modified_gmt":"2024-11-10T17:13:42","slug":"qui-suis-je","status":"publish","type":"page","link":"https:\/\/gbarbesemba.fr\/index.php\/qui-suis-je\/","title":{"rendered":"Qui suis-je ?"},"content":{"rendered":"\n<div style=\"height:18px\" aria-hidden=\"true\" class=\"wp-block-spacer\"><\/div>\n\n\n\n<div class=\"wp-block-media-text alignwide has-media-on-the-right is-stacked-on-mobile is-vertically-aligned-top\" style=\"grid-template-columns:auto 33%\"><div class=\"wp-block-media-text__content\">\n<p class=\"has-drop-cap has-text-align-justify has-vivid-red-color has-text-color\"><strong>Depuis plus de 22 ans,  j&rsquo;exerce avec passion et conviction  mon m\u00e9tier de biblioth\u00e9caire, au sein  de petites structures municipales.<\/strong><\/p>\n\n\n\n<p><\/p>\n\n\n\n<p>J&rsquo;ai commenc\u00e9 ma carri\u00e8re sur Paris, cinq ann\u00e9es durant, avant de retourner vers mon pays natal, cher \u00e0 Andr\u00e9 Dh\u00f4tel, les Ardennes. Quinze ans plus tard c&rsquo;est sur les terres auboises que je me suis enracin\u00e9e pour exercer mon m\u00e9tier en milieu rural.<\/p>\n\n\n\n<p>Au fil des ans, je me suis sp\u00e9cialis\u00e9e et form\u00e9e  pour travailler avec et pour les publics jeunesse,  de la plus tendre enfance aux ann\u00e9es coll\u00e8ges. <\/p>\n\n\n\n<p>A mesure que le m\u00e9tier de biblioth\u00e9caire , a mut\u00e9, mes missions de m\u00e9diation culturelle ont pris le pas sur le travail de biblioth\u00e9conomie.<\/p>\n\n\n\n<p>Les m\u00e9diath\u00e8ques,  on le sait, ne sont plus ces temples \u00e9rig\u00e9s \u00e0 la gloire des livres, des sacro-saintes collections. <\/p>\n\n\n\n<p>Ces lieux de vie sont aujourd&rsquo;hui des Tiers-Lieux,  o\u00f9 l&rsquo;on vient s&rsquo;informer, se former, mais aussi se faire aider, r\u00eaver, \u00e9changer, rencontrer, s&rsquo;amuser, se d\u00e9tendre. <\/p>\n<\/div><figure class=\"wp-block-media-text__media\"><img loading=\"lazy\" decoding=\"async\" width=\"1679\" height=\"2560\" src=\"https:\/\/gbarbesemba.fr\/wp-content\/uploads\/2024\/11\/IMG_5132-scaled.jpg\" alt=\"\" class=\"wp-image-323 size-full\" srcset=\"https:\/\/gbarbesemba.fr\/wp-content\/uploads\/2024\/11\/IMG_5132-scaled.jpg 1679w, https:\/\/gbarbesemba.fr\/wp-content\/uploads\/2024\/11\/IMG_5132-197x300.jpg 197w, https:\/\/gbarbesemba.fr\/wp-content\/uploads\/2024\/11\/IMG_5132-672x1024.jpg 672w, https:\/\/gbarbesemba.fr\/wp-content\/uploads\/2024\/11\/IMG_5132-768x1171.jpg 768w, https:\/\/gbarbesemba.fr\/wp-content\/uploads\/2024\/11\/IMG_5132-1008x1536.jpg 1008w, https:\/\/gbarbesemba.fr\/wp-content\/uploads\/2024\/11\/IMG_5132-1344x2048.jpg 1344w, https:\/\/gbarbesemba.fr\/wp-content\/uploads\/2024\/11\/IMG_5132-924x1408.jpg 924w, https:\/\/gbarbesemba.fr\/wp-content\/uploads\/2024\/11\/IMG_5132-671x1023.jpg 671w\" sizes=\"auto, (max-width: 1679px) 100vw, 1679px\" \/><\/figure><\/div>\n\n\n\n<div style=\"height:39px\" aria-hidden=\"true\" class=\"wp-block-spacer\"><\/div>\n\n\n\n<div class=\"wp-block-columns is-layout-flex wp-container-core-columns-is-layout-9d6595d7 wp-block-columns-is-layout-flex\">\n<div class=\"wp-block-column is-vertically-aligned-top is-layout-flow wp-block-column-is-layout-flow\">\n<ul class=\"wp-block-list\">\n<li>Curateur et accompagnateur  des publics vers les ressources, les contenus informationnels et divertissants et les m\u00e9dias qui en donnent acc\u00e8s. <\/li>\n\n\n\n<li>Conseill\u00e8re num\u00e9rique.<\/li>\n<\/ul>\n<\/div>\n\n\n\n<div class=\"wp-block-column is-layout-flow wp-block-column-is-layout-flow\">\n<ul class=\"wp-block-list\">\n<li>Programmatrice culturelle. <\/li>\n\n\n\n<li>Promotrice du livre et de la lecture.<\/li>\n\n\n\n<li>Animatrice et m\u00e9diatrice culturelle. <\/li>\n\n\n\n<li>Formatrice.<\/li>\n\n\n\n<li>Oreille attentive. <\/li>\n<\/ul>\n<\/div>\n<\/div>\n\n\n\n<p>Fervente servante de la lecture publique certes, mais du service public en g\u00e9n\u00e9ral, j&rsquo;ai vu avec int\u00e9r\u00eat mon m\u00e9tier \u00e9voluer ces derni\u00e8res ann\u00e9es vers un volet plus social, qui m&rsquo;am\u00e8ne aujourd&rsquo;hui \u00e0 participer aux actions de lutte contre l&rsquo;illettrisme et, de mani\u00e8re plus discr\u00e8te mais quotidienne, aux actions de lutte contre l\u2019illectronisme.<\/p>\n\n\n\n<p><\/p>\n","protected":false},"excerpt":{"rendered":"<p>Depuis plus de 22 ans, j&rsquo;exerce avec passion et conviction mon m\u00e9tier de biblioth\u00e9caire, au sein de petites structures municipales. J&rsquo;ai commenc\u00e9 ma carri\u00e8re sur Paris, cinq ann\u00e9es durant, avant de retourner vers mon pays natal, cher \u00e0 Andr\u00e9 Dh\u00f4tel, les Ardennes. Quinze ans plus tard c&rsquo;est sur les terres auboises que je me suis [&hellip;]<\/p>\n","protected":false},"author":1,"featured_media":0,"parent":0,"menu_order":0,"comment_status":"closed","ping_status":"closed","template":"","meta":{"footnotes":""},"class_list":["post-11","page","type-page","status-publish","hentry"],"jetpack_sharing_enabled":true,"_links":{"self":[{"href":"https:\/\/gbarbesemba.fr\/index.php\/wp-json\/wp\/v2\/pages\/11","targetHints":{"allow":["GET"]}}],"collection":[{"href":"https:\/\/gbarbesemba.fr\/index.php\/wp-json\/wp\/v2\/pages"}],"about":[{"href":"https:\/\/gbarbesemba.fr\/index.php\/wp-json\/wp\/v2\/types\/page"}],"author":[{"embeddable":true,"href":"https:\/\/gbarbesemba.fr\/index.php\/wp-json\/wp\/v2\/users\/1"}],"replies":[{"embeddable":true,"href":"https:\/\/gbarbesemba.fr\/index.php\/wp-json\/wp\/v2\/comments?post=11"}],"version-history":[{"count":33,"href":"https:\/\/gbarbesemba.fr\/index.php\/wp-json\/wp\/v2\/pages\/11\/revisions"}],"predecessor-version":[{"id":324,"href":"https:\/\/gbarbesemba.fr\/index.php\/wp-json\/wp\/v2\/pages\/11\/revisions\/324"}],"wp:attachment":[{"href":"https:\/\/gbarbesemba.fr\/index.php\/wp-json\/wp\/v2\/media?parent=11"}],"curies":[{"name":"wp","href":"https:\/\/api.w.org\/{rel}","templated":true}]}}